{"id":129,"date":"2015-05-31T20:03:13","date_gmt":"2015-05-31T18:03:13","guid":{"rendered":"http:\/\/www.hsdessau.de\/?page_id=129"},"modified":"2015-12-30T18:36:35","modified_gmt":"2015-12-30T17:36:35","slug":"gastronomieloesungen","status":"publish","type":"page","link":"https:\/\/www.hsdessau.de\/?page_id=129","title":{"rendered":"Gastronomiel\u00f6sungen"},"content":{"rendered":"<h3>softwarewarel\u00f6sungen f\u00fcr die gastronomie<\/h3>\n<p>In der Gastronie setzen wir bevorzugt die Xenia Software der <a href=\"http:\/\/www.xeno-data.de\/\" target=\"_blank\">XENO-DATA GmbH<\/a> aus Karlsruhe ein.<\/p>\n<h3>hardwarel\u00f6sungen f\u00fcr die gastronomie<\/h3>\n<p>Als Hardware k\u00f6nnen sowohl station\u00e4re Terminals mit Touchscreen Monitor als auch mobile L\u00f6sungen mit Orderman zu Einsatz kommen.<br \/>\nZu einer Gastronomiel\u00f6sung geh\u00f6rt auch der passende Bon-Drucker und ein Kellnerschlo\u00df.<\/p>\n<p>&nbsp;<\/p>\n","protected":false},"excerpt":{"rendered":"<p>softwarewarel\u00f6sungen f\u00fcr die gastronomie In der Gastronie setzen wir bevorzugt die Xenia Software der XENO-DATA GmbH aus Karlsruhe ein. hardwarel\u00f6sungen f\u00fcr die gastronomie Als Hardware k\u00f6nnen sowohl station\u00e4re Terminals mit Touchscreen Monitor als auch mobile L\u00f6sungen mit Orderman zu Einsatz kommen. Zu einer Gastronomiel\u00f6sung geh\u00f6rt auch der passende Bon-Drucker und ein Kellnerschlo\u00df. &nbsp;<\/p>\n","protected":false},"author":1,"featured_media":0,"parent":123,"menu_order":0,"comment_status":"closed","ping_status":"closed","template":"","meta":{"footnotes":""},"class_list":["post-129","page","type-page","status-publish","hentry"],"_links":{"self":[{"href":"https:\/\/www.hsdessau.de\/index.php?rest_route=\/wp\/v2\/pages\/129","targetHints":{"allow":["GET"]}}],"collection":[{"href":"https:\/\/www.hsdessau.de\/index.php?rest_route=\/wp\/v2\/pages"}],"about":[{"href":"https:\/\/www.hsdessau.de\/index.php?rest_route=\/wp\/v2\/types\/page"}],"author":[{"embeddable":true,"href":"https:\/\/www.hsdessau.de\/index.php?rest_route=\/wp\/v2\/users\/1"}],"replies":[{"embeddable":true,"href":"https:\/\/www.hsdessau.de\/index.php?rest_route=%2Fwp%2Fv2%2Fcomments&post=129"}],"version-history":[{"count":4,"href":"https:\/\/www.hsdessau.de\/index.php?rest_route=\/wp\/v2\/pages\/129\/revisions"}],"predecessor-version":[{"id":290,"href":"https:\/\/www.hsdessau.de\/index.php?rest_route=\/wp\/v2\/pages\/129\/revisions\/290"}],"up":[{"embeddable":true,"href":"https:\/\/www.hsdessau.de\/index.php?rest_route=\/wp\/v2\/pages\/123"}],"wp:attachment":[{"href":"https:\/\/www.hsdessau.de\/index.php?rest_route=%2Fwp%2Fv2%2Fmedia&parent=129"}],"curies":[{"name":"wp","href":"https:\/\/api.w.org\/{rel}","templated":true}]}}