{"id":136,"date":"2015-05-31T19:56:16","date_gmt":"2015-05-31T17:56:16","guid":{"rendered":"http:\/\/www.hsdessau.de\/?page_id=136"},"modified":"2016-05-02T13:59:47","modified_gmt":"2016-05-02T11:59:47","slug":"standard-hardware","status":"publish","type":"page","link":"https:\/\/www.hsdessau.de\/?page_id=136","title":{"rendered":"Standard Hardware"},"content":{"rendered":"<h3>server &amp; netzwerk<\/h3>\n<ul>\n<li>Serversystem f\u00fcr den stabilen Dauerbetrieb von bekannten Herstellern mit der erforderlichen hohen Verf\u00fcgbarkeit z.B. Fujitsu\u00a0 Installation und Lieferung der erforderlichen Netzwerkkomponenten (Switch, Hub, Router, Stromversorgungen\u00a0&#8230;).<br \/>\nF\u00fcr Verkabelung wenden wir uns an einen unserer zu empfehlenden Partner des Elektrohandwerks.<\/li>\n<\/ul>\n<h3>b\u00fcroanwendungen<\/h3>\n<ul>\n<li>\u00a0wir bieten unterschiedliche L\u00f6sungen f\u00fcr ihr B\u00fcro an von Arbeitsplatzcomputern, Drucker Peripherie bis zu Datensicherungsl\u00f6sungen. Dazu geh\u00f6ren selbstverst\u00e4ndlich L\u00f6sungen zum Virenschutz bis Konfiguration des Email-Verkehrs.<\/li>\n<\/ul>\n<h3>kommunikationsl\u00f6sungen<\/h3>\n<ul>\n<li>wir installieren Kommunikationsl\u00f6sungen:<br \/>\nKommunikations-Server Kerio<br \/>\nMicrosoft Exchange Server<br \/>\nFernwartungsl\u00f6sungen \u00fcber VPN-Anbindung<br \/>\nEinrichtung von WLAN-Verbindungen<\/li>\n<\/ul>\n<h3>hardwarel\u00f6sungen f\u00fcr die gastronomie<\/h3>\n<ul>\n<li>Als Hardware k\u00f6nnen sowohl station\u00e4re Terminals mit Touchscreen Monitor als auch mobile L\u00f6sungen mit Orderman zu Einsatz kommen.<br \/>\nZu einer Gastronomiel\u00f6sung geh\u00f6rt auch der passende Bon-Drucker und ein Kellnerschlo\u00df.<\/li>\n<\/ul>\n<p>&nbsp;<\/p>\n<p>&nbsp;<\/p>\n","protected":false},"excerpt":{"rendered":"<p>server &amp; netzwerk Serversystem f\u00fcr den stabilen Dauerbetrieb von bekannten Herstellern mit der erforderlichen hohen Verf\u00fcgbarkeit z.B. Fujitsu\u00a0 Installation und Lieferung der erforderlichen Netzwerkkomponenten (Switch, Hub, Router, Stromversorgungen\u00a0&#8230;). F\u00fcr Verkabelung wenden wir uns an einen unserer zu empfehlenden Partner des Elektrohandwerks. b\u00fcroanwendungen \u00a0wir bieten unterschiedliche L\u00f6sungen f\u00fcr ihr B\u00fcro an von Arbeitsplatzcomputern, Drucker Peripherie bis [&hellip;]<\/p>\n","protected":false},"author":1,"featured_media":0,"parent":133,"menu_order":0,"comment_status":"closed","ping_status":"closed","template":"","meta":{"footnotes":""},"class_list":["post-136","page","type-page","status-publish","hentry"],"_links":{"self":[{"href":"https:\/\/www.hsdessau.de\/index.php?rest_route=\/wp\/v2\/pages\/136","targetHints":{"allow":["GET"]}}],"collection":[{"href":"https:\/\/www.hsdessau.de\/index.php?rest_route=\/wp\/v2\/pages"}],"about":[{"href":"https:\/\/www.hsdessau.de\/index.php?rest_route=\/wp\/v2\/types\/page"}],"author":[{"embeddable":true,"href":"https:\/\/www.hsdessau.de\/index.php?rest_route=\/wp\/v2\/users\/1"}],"replies":[{"embeddable":true,"href":"https:\/\/www.hsdessau.de\/index.php?rest_route=%2Fwp%2Fv2%2Fcomments&post=136"}],"version-history":[{"count":10,"href":"https:\/\/www.hsdessau.de\/index.php?rest_route=\/wp\/v2\/pages\/136\/revisions"}],"predecessor-version":[{"id":298,"href":"https:\/\/www.hsdessau.de\/index.php?rest_route=\/wp\/v2\/pages\/136\/revisions\/298"}],"up":[{"embeddable":true,"href":"https:\/\/www.hsdessau.de\/index.php?rest_route=\/wp\/v2\/pages\/133"}],"wp:attachment":[{"href":"https:\/\/www.hsdessau.de\/index.php?rest_route=%2Fwp%2Fv2%2Fmedia&parent=136"}],"curies":[{"name":"wp","href":"https:\/\/api.w.org\/{rel}","templated":true}]}}