{"id":2,"date":"2015-02-16T14:17:10","date_gmt":"2015-02-16T14:17:10","guid":{"rendered":"\/?page_id=2"},"modified":"2025-06-11T11:18:15","modified_gmt":"2025-06-11T09:18:15","slug":"beispiel-seite","status":"publish","type":"page","link":"https:\/\/www.hsdessau.de\/","title":{"rendered":"Startseite"},"content":{"rendered":"<p>Herzlich Willkommen auf der Internetseite von H+S Computer Dessau.<\/p>\n<p>Das Dessauer IT-Systemhaus H+S Computer blickt in diesem Jahr auf 35 Jahre erfolgreiche Unternehmensgeschichte zur\u00fcck. Seit der Gr\u00fcndung im Jahr 1990 hat sich das Unternehmen als verl\u00e4sslicher Partner f\u00fcr kleine und mittelst\u00e4ndische Betriebe in der Region etabliert.<\/p>\n<p>Das Leistungsspektrum von H+S Computer reicht von IT-Beratung und Softwareentwicklung \u00fcber<br \/>\nIT-Sicherheit bis hin zum Vertrieb und zur Wartung von Hardware- und Netzwerkl\u00f6sungen.<\/p>\n<p>Anl\u00e4sslich des Firmenjubil\u00e4ums hat das Unternehmen am 6. Juni 2025 Geburtstag gefeiert.<\/p>\n<p>F\u00fcr die uns entgegengebrachten Gl\u00fcckw\u00fcnsche und Aufmerksamkeiten m\u00f6chten wir uns herzlich bedanken.<\/p>\n<p>Seit 35 Jahren sind wir ihr kompetenter Ansprechpartner rund um kaufm\u00e4nnische Softwarel\u00f6sungen und IT-Infrastruktur. Ob Hardware, Software oder Services, unser Ziel ist immer eine L\u00f6sung zu finden, die ihre Bed\u00fcrfnisse nach Performance und Sicherheit mit ihrem Budget vereint.<\/p>\n<p>Was d\u00fcrfen wir f\u00fcr sie tun?<\/p>\n<p>Ihr Uwe Spindler<\/p>\n","protected":false},"excerpt":{"rendered":"<p>Herzlich Willkommen auf der Internetseite von H+S Computer Dessau. Das Dessauer IT-Systemhaus H+S Computer blickt in diesem Jahr auf 35 Jahre erfolgreiche Unternehmensgeschichte zur\u00fcck. Seit der Gr\u00fcndung im Jahr 1990 hat sich das Unternehmen als verl\u00e4sslicher Partner f\u00fcr kleine und mittelst\u00e4ndische Betriebe in der Region etabliert. Das Leistungsspektrum von H+S Computer reicht von IT-Beratung und [&hellip;]<\/p>\n","protected":false},"author":1,"featured_media":0,"parent":0,"menu_order":0,"comment_status":"closed","ping_status":"closed","template":"page-full.php","meta":{"footnotes":""},"class_list":["post-2","page","type-page","status-publish","hentry"],"_links":{"self":[{"href":"https:\/\/www.hsdessau.de\/index.php?rest_route=\/wp\/v2\/pages\/2","targetHints":{"allow":["GET"]}}],"collection":[{"href":"https:\/\/www.hsdessau.de\/index.php?rest_route=\/wp\/v2\/pages"}],"about":[{"href":"https:\/\/www.hsdessau.de\/index.php?rest_route=\/wp\/v2\/types\/page"}],"author":[{"embeddable":true,"href":"https:\/\/www.hsdessau.de\/index.php?rest_route=\/wp\/v2\/users\/1"}],"replies":[{"embeddable":true,"href":"https:\/\/www.hsdessau.de\/index.php?rest_route=%2Fwp%2Fv2%2Fcomments&post=2"}],"version-history":[{"count":14,"href":"https:\/\/www.hsdessau.de\/index.php?rest_route=\/wp\/v2\/pages\/2\/revisions"}],"predecessor-version":[{"id":399,"href":"https:\/\/www.hsdessau.de\/index.php?rest_route=\/wp\/v2\/pages\/2\/revisions\/399"}],"wp:attachment":[{"href":"https:\/\/www.hsdessau.de\/index.php?rest_route=%2Fwp%2Fv2%2Fmedia&parent=2"}],"curies":[{"name":"wp","href":"https:\/\/api.w.org\/{rel}","templated":true}]}}