{"id":36,"date":"2015-05-24T16:05:40","date_gmt":"2015-05-24T14:05:40","guid":{"rendered":"http:\/\/www.hsdessau.de\/?page_id=36"},"modified":"2019-08-14T16:42:01","modified_gmt":"2019-08-14T14:42:01","slug":"geschichte","status":"publish","type":"page","link":"https:\/\/www.hsdessau.de\/?page_id=36","title":{"rendered":"Wir \u00fcber uns"},"content":{"rendered":"<h1>kompetenter Partner seit 1990<\/h1>\n<p>Gegr\u00fcndet 1990 von Diplommathematiker Benno Hirsekorn und Diplom\u00f6konom Uwe Spindler, die \u00fcber langj\u00e4hrige Berufserfahrung an Gro\u00dfrechnern&nbsp;(R300, IBM360, ESER) als Anwendungsentwickler und Systemprogrammierer verf\u00fcgen, hat sich das Systemhaus bis heute solide entwickelt.<\/p>\n<p>Seit 2011 ist Uwe Spindler allein verantwortlich f\u00fcr H+S Computer. Das Team besteht seitdem zus\u00e4tzlich aus mindestens 2 Mitarbeitern.<\/p>\n<p>St\u00e4ndige Weiterbildung ist in unserer Branche so elementar wichtig, dass wir uns dieser Herausforderung&nbsp;st\u00e4ndig gestellt haben. Neue Betriebssysteme, neue Plattformen, Vernetzung, Internet, neue Software und neue Problemstellungen der&nbsp;Kunden haben&nbsp;uns dabei vorangetrieben.<\/p>\n<p>Durch unsere erworbene Kompetenz und hohe Motivation zur Weiterentwicklung stellen wir uns gerne auch zuk\u00fcnftig Ihren Herausforderungen.<\/p>\n","protected":false},"excerpt":{"rendered":"<p>kompetenter Partner seit 1990 Gegr\u00fcndet 1990 von Diplommathematiker Benno Hirsekorn und Diplom\u00f6konom Uwe Spindler, die \u00fcber langj\u00e4hrige Berufserfahrung an Gro\u00dfrechnern&nbsp;(R300, IBM360, ESER) als Anwendungsentwickler und Systemprogrammierer verf\u00fcgen, hat sich das Systemhaus bis heute solide entwickelt. Seit 2011 ist Uwe Spindler allein verantwortlich f\u00fcr H+S Computer. Das Team besteht seitdem zus\u00e4tzlich aus mindestens 2 Mitarbeitern. St\u00e4ndige [&hellip;]<\/p>\n","protected":false},"author":1,"featured_media":0,"parent":2,"menu_order":0,"comment_status":"closed","ping_status":"closed","template":"","meta":{"footnotes":""},"class_list":["post-36","page","type-page","status-publish","hentry"],"_links":{"self":[{"href":"https:\/\/www.hsdessau.de\/index.php?rest_route=\/wp\/v2\/pages\/36","targetHints":{"allow":["GET"]}}],"collection":[{"href":"https:\/\/www.hsdessau.de\/index.php?rest_route=\/wp\/v2\/pages"}],"about":[{"href":"https:\/\/www.hsdessau.de\/index.php?rest_route=\/wp\/v2\/types\/page"}],"author":[{"embeddable":true,"href":"https:\/\/www.hsdessau.de\/index.php?rest_route=\/wp\/v2\/users\/1"}],"replies":[{"embeddable":true,"href":"https:\/\/www.hsdessau.de\/index.php?rest_route=%2Fwp%2Fv2%2Fcomments&post=36"}],"version-history":[{"count":7,"href":"https:\/\/www.hsdessau.de\/index.php?rest_route=\/wp\/v2\/pages\/36\/revisions"}],"predecessor-version":[{"id":322,"href":"https:\/\/www.hsdessau.de\/index.php?rest_route=\/wp\/v2\/pages\/36\/revisions\/322"}],"up":[{"embeddable":true,"href":"https:\/\/www.hsdessau.de\/index.php?rest_route=\/wp\/v2\/pages\/2"}],"wp:attachment":[{"href":"https:\/\/www.hsdessau.de\/index.php?rest_route=%2Fwp%2Fv2%2Fmedia&parent=36"}],"curies":[{"name":"wp","href":"https:\/\/api.w.org\/{rel}","templated":true}]}}